{"id":3636,"date":"2025-01-25T13:02:38","date_gmt":"2025-01-25T12:02:38","guid":{"rendered":"https:\/\/agnessilvani.ch\/?page_id=3636"},"modified":"2025-03-06T16:53:40","modified_gmt":"2025-03-06T15:53:40","slug":"unfreeze","status":"publish","type":"page","link":"https:\/\/agnessilvani.ch\/en\/unfreeze\/","title":{"rendered":"Von F\u00fchrung und Verf\u00fchrung"},"content":{"rendered":"<div class=\"wp-block-image\">\n<figure class=\"aligncenter size-full is-resized\"><img loading=\"lazy\" decoding=\"async\" width=\"984\" height=\"1270\" src=\"https:\/\/agnessilvani.ch\/as\/wp-content\/uploads\/2025\/02\/unfreeze_cut.jpg\" alt=\"\" class=\"wp-image-3723\" style=\"width:516px;height:auto\" srcset=\"https:\/\/agnessilvani.ch\/as\/wp-content\/uploads\/2025\/02\/unfreeze_cut.jpg 984w, https:\/\/agnessilvani.ch\/as\/wp-content\/uploads\/2025\/02\/unfreeze_cut-232x300.jpg 232w, https:\/\/agnessilvani.ch\/as\/wp-content\/uploads\/2025\/02\/unfreeze_cut-793x1024.jpg 793w, https:\/\/agnessilvani.ch\/as\/wp-content\/uploads\/2025\/02\/unfreeze_cut-768x991.jpg 768w\" sizes=\"auto, (max-width: 984px) 100vw, 984px\" \/><\/figure>\n<\/div>\n\n\n<p class=\"has-text-align-center has-large-font-size\"><br><br><br>Mache dein Nervensystem <br>zu deinem Verb\u00fcndeten<\/p>\n\n\n\n<p style=\"font-style:normal;font-weight:400\"><br><br><\/p>\n\n\n\n<p class=\"has-text-align-center has-black-color has-text-color\" style=\"font-style:normal;font-weight:400\">\u00abIch f\u00fchlte mich <br>wie gel\u00e4hmt.\u00bb<br><\/p>\n\n\n\n<p class=\"has-text-align-center has-black-color has-text-color\" style=\"font-style:normal;font-weight:400\">\u00abDer Kommentar <br>hat mich sprachlos gemacht.\u00bb<br><\/p>\n\n\n\n<p class=\"has-text-align-center has-black-color has-text-color\" style=\"font-style:normal;font-weight:400\">\u00abIch getraue mich nicht, <br>meine W\u00fcnsche zu \u00e4ussern.\u00bb<br><br><br><br><\/p>\n\n\n\n<p>Das autonome Nervensystem besteht aus verschiedenen Str\u00e4ngen. Wenn wir in Gefahr sind, reagieren wir typischerweise mit Flight, Fight oder Freeze. Besonders h\u00e4ufig f\u00fchren unangenehme Situationen zu einem Freeze-Zustand, in dem wir uns unsicher oder wie gel\u00e4hmt f\u00fchlen.<\/p>\n\n\n\n<p>Doch es gibt Wege aus dem Freeze-Zustand: Strategien, die uns in Momenten der Ohnmacht unsere eigene Macht zur\u00fcckgeben. Diese Methoden sind erlernbar und vielseitig anwendbar. So nehmen wir die F\u00fchrung \u00fcber unsere autonomen Reaktionen und damit auch \u00fcber herausfordernde Situationen zur\u00fcck.<\/p>\n\n\n\n<p>Wie F\u00fchrung muss auch Verf\u00fchrung erlernt werden, um wirklich wirksam zu sein. Wenn wir den Mut haben, sowohl F\u00fchrung als auch Verf\u00fchrung kompromisslos einzusetzen, erleben wir uns als handlungsf\u00e4hig und koh\u00e4rent. Erst dann k\u00f6nnen wir unsere Bed\u00fcrfnisse ohne schlechtes Gewissen \u00e4ussern und misogynem Verhalten mit St\u00e4rke entgegentreten.<br><br>Zu lange haben wir uns von unserem Nervensystem kapern lassen. <br>Es ist Zeit, umzulernen.<br><br><br><br><\/p>\n\n\n\n<p><\/p>\n\n\n\n<p><\/p>\n\n\n\n<p><\/p>\n\n\n\n<p><\/p>\n\n\n\n<hr class=\"wp-block-separator has-alpha-channel-opacity\"\/>\n\n\n\n<p>Workshop \u00fcber 3 Stunden: <strong>Preis 120.\u2013<\/strong> Kontakt: hej@agnessilvani.ch<\/p>\n\n\n\n<p>Auf Anfrage komme ich zu dir (min. Teilnehmerzahl: 5 Personen)<\/p>\n\n\n\n<hr class=\"wp-block-separator has-alpha-channel-opacity\"\/>\n\n\n\n<p><br><br><br><\/p>\n\n\n<div class=\"wp-block-image\">\n<figure class=\"aligncenter size-large is-resized\"><img loading=\"lazy\" decoding=\"async\" width=\"722\" height=\"1024\" src=\"https:\/\/agnessilvani.ch\/as\/wp-content\/uploads\/2025\/02\/IMG_37871-722x1024.jpg\" alt=\"\" class=\"wp-image-3719\" style=\"width:324px;height:auto\" srcset=\"https:\/\/agnessilvani.ch\/as\/wp-content\/uploads\/2025\/02\/IMG_37871-722x1024.jpg 722w, https:\/\/agnessilvani.ch\/as\/wp-content\/uploads\/2025\/02\/IMG_37871-211x300.jpg 211w, https:\/\/agnessilvani.ch\/as\/wp-content\/uploads\/2025\/02\/IMG_37871-768x1090.jpg 768w, https:\/\/agnessilvani.ch\/as\/wp-content\/uploads\/2025\/02\/IMG_37871-1082x1536.jpg 1082w, https:\/\/agnessilvani.ch\/as\/wp-content\/uploads\/2025\/02\/IMG_37871.jpg 1353w\" sizes=\"auto, (max-width: 722px) 100vw, 722px\" \/><\/figure>\n<\/div>\n\n\n<p><br><\/p>\n","protected":false},"excerpt":{"rendered":"<p>Mache dein Nervensystem zu deinem Verb\u00fcndeten \u00abIch f\u00fchlte mich wie gel\u00e4hmt.\u00bb \u00abDer Kommentar hat mich sprachlos gemacht.\u00bb \u00abIch getraue mich nicht, meine W\u00fcnsche zu \u00e4ussern.\u00bb Das autonome Nervensystem besteht aus verschiedenen Str\u00e4ngen. Wenn wir in Gefahr sind, reagieren wir typischerweise mit Flight, Fight oder Freeze. Besonders h\u00e4ufig f\u00fchren unangenehme Situationen zu einem Freeze-Zustand, in dem [&hellip;]<\/p>\n","protected":false},"author":5,"featured_media":0,"parent":0,"menu_order":0,"comment_status":"closed","ping_status":"closed","template":"","meta":{"footnotes":""},"class_list":["post-3636","page","type-page","status-publish","hentry"],"_links":{"self":[{"href":"https:\/\/agnessilvani.ch\/en\/wp-json\/wp\/v2\/pages\/3636","targetHints":{"allow":["GET"]}}],"collection":[{"href":"https:\/\/agnessilvani.ch\/en\/wp-json\/wp\/v2\/pages"}],"about":[{"href":"https:\/\/agnessilvani.ch\/en\/wp-json\/wp\/v2\/types\/page"}],"author":[{"embeddable":true,"href":"https:\/\/agnessilvani.ch\/en\/wp-json\/wp\/v2\/users\/5"}],"replies":[{"embeddable":true,"href":"https:\/\/agnessilvani.ch\/en\/wp-json\/wp\/v2\/comments?post=3636"}],"version-history":[{"count":24,"href":"https:\/\/agnessilvani.ch\/en\/wp-json\/wp\/v2\/pages\/3636\/revisions"}],"predecessor-version":[{"id":3760,"href":"https:\/\/agnessilvani.ch\/en\/wp-json\/wp\/v2\/pages\/3636\/revisions\/3760"}],"wp:attachment":[{"href":"https:\/\/agnessilvani.ch\/en\/wp-json\/wp\/v2\/media?parent=3636"}],"curies":[{"name":"wp","href":"https:\/\/api.w.org\/{rel}","templated":true}]}}