{"id":3,"date":"2023-03-27T14:34:43","date_gmt":"2023-03-27T12:34:43","guid":{"rendered":"http:\/\/agnessilvani.ch\/as\/?page_id=3"},"modified":"2023-04-11T13:17:40","modified_gmt":"2023-04-11T11:17:40","slug":"datenschutz","status":"publish","type":"page","link":"https:\/\/agnessilvani.ch\/en\/datenschutz\/","title":{"rendered":"Datenschutzerkl\u00e4rung"},"content":{"rendered":"\n<h2 class=\"wp-block-heading\">Welche personenbezogenen Daten wir sammeln und warum wir sie sammeln<\/h2>\n\n\n\n<p>Zu den personenbezogenen Daten, die diese Anwendung selbstst\u00e4ndig oder durch Dritte verarbeitet, geh\u00f6ren: Cookie; Nutzungsdaten.<\/p>\n\n\n\n<p>Vollst\u00e4ndige Details zu jeder Art von verarbeiteten personenbezogenen Daten werden in den daf\u00fcr vorgesehenen Abschnitten dieser Datenschutzerkl\u00e4rung oder punktuell durch Erkl\u00e4rungstexte bereitgestellt, die vor der Datenerhebung angezeigt werden.<\/p>\n\n\n\n<p>Personenbezogene Daten k\u00f6nnen vom Nutzer freiwillig angegeben oder, im Falle von Nutzungsdaten, automatisch erhoben werden, wenn diese Anwendung genutzt wird.<\/p>\n\n\n\n<p>Sofern nicht anders angegeben, ist die Angabe aller durch diese Anwendung angeforderten Daten obligatorisch. Weigert sich der Nutzer, die Daten anzugeben, kann dies dazu f\u00fchren, dass diese Anwendung dem Nutzer ihre Dienste nicht zur Verf\u00fcgung stellen kann. In F\u00e4llen, in denen diese Anwendung die Angabe personenbezogener Daten ausdr\u00fccklich als freiwillig bezeichnet, d\u00fcrfen sich die Nutzer daf\u00fcr entscheiden, diese Daten ohne jegliche Folgen f\u00fcr die Verf\u00fcgbarkeit oder die Funktionsf\u00e4higkeit des Dienstes nicht anzugeben.<\/p>\n\n\n\n<p>Nutzer, die sich dar\u00fcber im Unklaren sind, welche personenbezogenen Daten obligatorisch sind, k\u00f6nnen sich an den Anbieter wenden.<\/p>\n\n\n\n<p>Jegliche Verwendung von Cookies &#8211; oder anderer Tracking-Tools &#8211; durch diese Anwendung oder Anbieter von Drittdiensten, die durch diese Anwendung eingesetzt werden, dient dem Zweck, den vom Nutzer gew\u00fcnschten Dienst zu erbringen, und allen anderen Zwecken, die im vorliegenden Dokument und, falls vorhanden, in der Cookie-Richtlinie beschrieben sind.<\/p>\n\n\n\n<p>Die Nutzer sind f\u00fcr alle personenbezogenen Daten Dritter verantwortlich, die durch diese Anwendung beschafft, ver\u00f6ffentlicht oder weitergegeben werden, und best\u00e4tigen, dass sie die Zustimmung zur \u00dcbermittlung personenbezogener Daten etwaiger Dritter an diese Anwendung eingeholt haben.<\/p>\n\n\n\n<h3 class=\"wp-block-heading\">Cookies<\/h3>\n\n\n\n<p>Wenn Sie einen Kommentar auf unserer Website schreiben, kann das eine Einwilligung sein, Ihren Namen, E-Mail-Adresse und Website in Cookies zu speichern. Dies ist eine Komfortfunktion, damit Sie nicht, wenn Sie einen weiteren Kommentar schreiben, all diese Daten erneut eingeben m\u00fcssen. Diese Cookies werden ein Jahr lang gespeichert.<\/p>\n\n\n\n<p>Falls Sie ein Konto haben und sich auf dieser Website anmelden, werden wir ein tempor\u00e4res Cookie setzen, um festzustellen, ob Ihr Browser Cookies akzeptiert. Dieses Cookie enth\u00e4lt keine personenbezogenen Daten und wird verworfen, wenn Sie Ihren Browser schliessen.<\/p>\n\n\n\n<p>Wenn Sie sich anmelden, werden wir einige Cookies einrichten, um Ihre Anmeldeinformationen und Anzeigeoptionen zu speichern. Anmelde-Cookies verfallen nach zwei Tagen und Cookies f\u00fcr die Anzeigeoptionen nach einem Jahr. Falls Sie bei der Anmeldung \u201eAngemeldet bleiben\u201c ausw\u00e4hlen, wird Ihre Anmeldung zwei Wochen lang aufrechterhalten. Mit der Abmeldung aus Ihrem Konto werden die Anmelde-Cookies gel\u00f6scht.<\/p>\n\n\n\n<p>Wenn Sie einen Artikel bearbeiten oder ver\u00f6ffentlichen, wird ein zus\u00e4tzlicher Cookie in Ihrem Browser gespeichert. Dieser Cookie enth\u00e4lt keine personenbezogenen Daten und verweist nur auf die Beitrags-ID des Artikels, den Sie gerade bearbeitet haben. Der Cookie verf\u00e4llt nach einem Tag.<\/p>\n\n\n\n<h3 class=\"wp-block-heading\">Online Termine vereinbaren<\/h3>\n\n\n\n<p>Das Buchen eines Beratungstermins l\u00e4uft auf dieser Website \u00fcber die Software des Dienstleisters Calendly LLC, 1315 Peachtree St NE, Atlanta, GA 30309, USA. Mit der Nutzung dieses Services stimmen Sie der Speicherung und Verwendung Ihrer Daten gem\u00e4ss dieser und auch der <a href=\"https:\/\/calendly.com\/de\/pages\/privacy\" target=\"_blank\" rel=\"noreferrer noopener\">Datenschutzerkl\u00e4rung von Calendly<\/a>&nbsp;zu.<\/p>\n\n\n\n<h2 class=\"wp-block-heading\">Mit wem wir Ihre Daten teilen<\/h2>\n\n\n\n<p>Empf\u00e4nger der Daten sind ggf. technische Dienstleister, die f\u00fcr den Betrieb und die Wartung unserer Webseite als Auftragsverarbeiter t\u00e4tig werden.<\/p>\n\n\n\n<h2 class=\"wp-block-heading\">Wie lange wir Ihre Daten speichern<\/h2>\n\n\n\n<p>Wenn Sie einen Kommentar schreiben, wird dieser inklusive Metadaten zeitlich unbegrenzt gespeichert. Auf diese Art k\u00f6nnen wir Folgekommentare automatisch erkennen und freigeben, anstelle sie in einer Moderations-Warteschlange festzuhalten.<\/p>\n\n\n\n<p>F\u00fcr Benutzer, die sich auf unserer Website registrieren, speichern wir zus\u00e4tzlich die pers\u00f6nlichen Informationen, die sie in ihren Benutzerprofilen angeben. Alle Benutzer k\u00f6nnen jederzeit ihre pers\u00f6nlichen Informationen einsehen, ver\u00e4ndern oder l\u00f6schen (der Benutzername kann nicht ver\u00e4ndert werden). Administratoren der Website k\u00f6nnen diese Informationen ebenfalls einsehen und ver\u00e4ndern.<\/p>\n\n\n\n<h2 class=\"wp-block-heading\">Verarbeitungsmethoden<\/h2>\n\n\n\n<p>Der Anbieter verarbeitet die Nutzerdaten auf ordnungsgem\u00e4sse Weise und ergreift angemessene Sicherheitsmassnahmen, um den unbefugten Zugriff und die unbefugte Weiterleitung, Ver\u00e4nderung oder Vernichtung von Daten zu vermeiden.<\/p>\n\n\n\n<p>Die Datenverarbeitung wird mittels Computern oder IT-basierten Systemen nach organisatorischen Verfahren und Verfahrensweisen durchgef\u00fchrt, die gezielt auf die angegebenen Zwecke abstellen. Zus\u00e4tzlich zum Verantwortlichen k\u00f6nnten auch andere Personen intern (Personalverwaltung, Vertrieb, Marketing, Rechtsabteilung, Systemadministratoren) oder extern &#8211; und in dem Fall soweit erforderlich, vom Verantwortlichen als Auftragsverarbeiter benannt (wie Anbieter technischer Dienstleistungen, Zustellunternehmen, Hosting-Anbieter, IT-Unternehmen oder Kommunikationsagenturen) &#8211; diese Anwendung betreiben und damit Zugriff auf die Daten haben. Eine aktuelle Liste dieser Beteiligten kann jederzeit vom Anbieter verlangt werden.<\/p>\n\n\n\n<h2 class=\"wp-block-heading\">Welche Rechte Sie an Ihren Daten haben<\/h2>\n\n\n\n<p>Wenn Sie ein Konto auf dieser Website besitzen oder Kommentare geschrieben haben, k\u00f6nnen Sie einen Export Ihrer personenbezogenen Daten bei uns anfordern, inklusive aller Daten, die Sie uns mitgeteilt haben. Dar\u00fcber hinaus k\u00f6nnen Sie die L\u00f6schung aller personenbezogenen Daten, die wir von Ihnen gespeichert haben, anfordern. Dies umfasst nicht die Daten, die wir aufgrund administrativer, rechtlicher oder sicherheitsrelevanter Notwendigkeiten aufbewahren m\u00fcssen.<\/p>\n\n\n\n<h2 class=\"wp-block-heading\">Wohin wir Ihre Daten senden<\/h2>\n\n\n\n<p>Besucher-Kommentare k\u00f6nnten von einem automatisierten Dienst zur Spam-Erkennung untersucht werden.<\/p>\n\n\n\n<p>Die Daten werden in der Niederlassung des Anbieters und an allen anderen Orten, an denen sich die an der Datenverarbeitung beteiligten Stellen befinden, verarbeitet.<\/p>\n\n\n\n<p>Je nach Standort der Nutzer k\u00f6nnen Daten\u00fcbertragungen die \u00dcbertragung der Daten des Nutzers in ein anderes Land als das eigene beinhalten. Um mehr \u00fcber den Ort der Verarbeitung der \u00fcbermittelten Daten zu erfahren, k\u00f6nnen die Nutzer den Abschnitt mit den ausf\u00fchrlichen Angaben zur Verarbeitung der personenbezogenen Daten konsultieren.<\/p>\n\n\n\n<p>Die Nutzer haben auch das Recht, sich \u00fcber die Rechtsgrundlage der Daten\u00fcbermittlung in ein Land ausserhalb der Europ\u00e4ischen Union oder an eine internationale Organisation, die dem V\u00f6lkerrecht unterliegt oder von zwei oder mehr L\u00e4ndern gegr\u00fcndet wurde, wie beispielsweise die UNO, sowie sich \u00fcber die vom Anbieter ergriffenen Sicherheitsmassnahmen zum Schutz ihrer Daten aufkl\u00e4ren zu lassen.<\/p>\n\n\n\n<p>Wenn eine solche \u00dcbermittlung stattfindet, kann der Nutzer mehr dar\u00fcber erfahren, indem er die entsprechenden Abschnitte dieses Dokuments \u00fcberpr\u00fcft oder sich mit dem Anbieter \u00fcber die im Kontaktteil angegebenen Informationen in Verbindung setzt.<\/p>\n\n\n\n<h2 class=\"wp-block-heading\">Weitere Informationen<\/h2>\n\n\n\n<h3 class=\"wp-block-heading\">Wie wir Ihre Daten sch\u00fctzen<\/h3>\n\n\n\n<p>Um die Sicherheit Ihrer Daten bei der \u00dcbertragung zu sch\u00fctzen, verwenden wir dem aktuellen Stand der Technik entsprechende Verschl\u00fcsselungsverfahren (z. B. SSL) \u00fcber HTTPS.<\/p>\n\n\n\n<h3 class=\"wp-block-heading\">\u00c4nderung unserer Datenschutzbestimmungen<\/h3>\n\n\n\n<p>Wir behalten uns vor, diese Datenschutzerkl\u00e4rung anzupassen, damit sie stets den aktuellen rechtlichen Anforderungen entspricht oder um \u00c4nderungen unserer Leistungen in der Datenschutzerkl\u00e4rung umzusetzen, z.B. bei der Einf\u00fchrung neuer Services. F\u00fcr Ihren erneuten Besuch gilt dann die neue Datenschutzerkl\u00e4rung.<\/p>\n\n\n\n<p><em>Letzte Aktualisierung: 11. April 2023<\/em><\/p>\n","protected":false},"excerpt":{"rendered":"<p>Welche personenbezogenen Daten wir sammeln und warum wir sie sammeln Zu den personenbezogenen Daten, die diese Anwendung selbstst\u00e4ndig oder durch Dritte verarbeitet, geh\u00f6ren: Cookie; Nutzungsdaten. Vollst\u00e4ndige Details zu jeder Art von verarbeiteten personenbezogenen Daten werden in den daf\u00fcr vorgesehenen Abschnitten dieser Datenschutzerkl\u00e4rung oder punktuell durch Erkl\u00e4rungstexte bereitgestellt, die vor der Datenerhebung angezeigt werden. Personenbezogene Daten [&hellip;]<\/p>\n","protected":false},"author":1,"featured_media":0,"parent":0,"menu_order":0,"comment_status":"closed","ping_status":"closed","template":"","meta":{"footnotes":""},"class_list":["post-3","page","type-page","status-publish","hentry"],"_links":{"self":[{"href":"https:\/\/agnessilvani.ch\/en\/wp-json\/wp\/v2\/pages\/3","targetHints":{"allow":["GET"]}}],"collection":[{"href":"https:\/\/agnessilvani.ch\/en\/wp-json\/wp\/v2\/pages"}],"about":[{"href":"https:\/\/agnessilvani.ch\/en\/wp-json\/wp\/v2\/types\/page"}],"author":[{"embeddable":true,"href":"https:\/\/agnessilvani.ch\/en\/wp-json\/wp\/v2\/users\/1"}],"replies":[{"embeddable":true,"href":"https:\/\/agnessilvani.ch\/en\/wp-json\/wp\/v2\/comments?post=3"}],"version-history":[{"count":5,"href":"https:\/\/agnessilvani.ch\/en\/wp-json\/wp\/v2\/pages\/3\/revisions"}],"predecessor-version":[{"id":3150,"href":"https:\/\/agnessilvani.ch\/en\/wp-json\/wp\/v2\/pages\/3\/revisions\/3150"}],"wp:attachment":[{"href":"https:\/\/agnessilvani.ch\/en\/wp-json\/wp\/v2\/media?parent=3"}],"curies":[{"name":"wp","href":"https:\/\/api.w.org\/{rel}","templated":true}]}}